{"id":9150,"date":"2022-03-17T10:04:43","date_gmt":"2022-03-17T10:04:43","guid":{"rendered":"https:\/\/advinci.be\/nous-contacter\/"},"modified":"2023-11-13T15:07:47","modified_gmt":"2023-11-13T15:07:47","slug":"nous-contacter","status":"publish","type":"page","link":"https:\/\/advinci.be\/fr\/nous-contacter\/","title":{"rendered":"Contact"},"content":{"rendered":"\t\t<div data-elementor-type=\"wp-page\" data-elementor-id=\"9150\" class=\"elementor elementor-9150 elementor-850\">\n\t\t\t\t\t\t\t\t\t<section class=\"elementor-section elementor-top-section elementor-element elementor-element-0036cd3 elementor-reverse-tablet elementor-reverse-mobile elementor-section-boxed elementor-section-height-default elementor-section-height-default\" data-id=\"0036cd3\" data-element_type=\"section\" id=\"contact_us\">\n\t\t\t\t\t\t<div class=\"elementor-container elementor-column-gap-default\">\n\t\t\t\t\t<div class=\"elementor-column elementor-col-50 elementor-top-column elementor-element elementor-element-8e7f38f\" data-id=\"8e7f38f\" data-element_type=\"column\">\n\t\t\t<div class=\"elementor-widget-wrap elementor-element-populated\">\n\t\t\t\t\t\t\t\t<section class=\"elementor-section elementor-inner-section elementor-element elementor-element-7b279da elementor-section-boxed elementor-section-height-default elementor-section-height-default\" data-id=\"7b279da\" data-element_type=\"section\">\n\t\t\t\t\t\t<div class=\"elementor-container elementor-column-gap-default\">\n\t\t\t\t\t<div class=\"elementor-column elementor-col-100 elementor-inner-column elementor-element elementor-element-6eeb83d\" data-id=\"6eeb83d\" data-element_type=\"column\" data-settings=\"{&quot;background_background&quot;:&quot;classic&quot;}\">\n\t\t\t<div class=\"elementor-widget-wrap elementor-element-populated\">\n\t\t\t\t\t\t\t\t<div class=\"elementor-element elementor-element-155e370 aleft elementor-widget elementor-widget-wgl-double-heading\" data-id=\"155e370\" data-element_type=\"widget\" data-widget_type=\"wgl-double-heading.default\">\n\t\t\t\t<div class=\"elementor-widget-container\">\n\t\t\t<div class=\"wgl-double-heading\"><h3 class=\"dblh__title-wrapper\"><span class=\"dblh__title dblh__title-1\">Parlons de Votre Croissance<\/span><\/h3><\/div>\t\t<\/div>\n\t\t\t\t<\/div>\n\t\t\t\t<div class=\"elementor-element elementor-element-b80d2f2 elementor-widget elementor-widget-text-editor\" data-id=\"b80d2f2\" data-element_type=\"widget\" data-widget_type=\"text-editor.default\">\n\t\t\t\t<div class=\"elementor-widget-container\">\n\t\t\t\t\t\t\t\t\t\t\t\t\t<\/div>\n\t\t\t\t<\/div>\n\t\t\t\t<div class=\"elementor-element elementor-element-0b7f8af elementor-widget elementor-widget-hubspot-form\" data-id=\"0b7f8af\" data-element_type=\"widget\" data-widget_type=\"hubspot-form.default\">\n\t\t\t\t<div class=\"elementor-widget-container\">\n\t\t\t\n\t\t\t\t\t<script>\n\t\t\t\t\t\twindow.hsFormsOnReady = window.hsFormsOnReady || [];\n\t\t\t\t\t\twindow.hsFormsOnReady.push(()=>{\n\t\t\t\t\t\t\thbspt.forms.create({\n\t\t\t\t\t\t\t\tportalId: 26265962,\n\t\t\t\t\t\t\t\tformId: \"5f0b40c3-6660-47a8-b621-36b731de10e9\",\n\t\t\t\t\t\t\t\ttarget: \"#hbspt-form-1776655303000-9717124945\",\n\t\t\t\t\t\t\t\tregion: \"eu1\",\n\t\t\t\t\t\t\t\t\n\t\t\t\t\t\t})});\n\t\t\t\t\t<\/script>\n\t\t\t\t\t<div class=\"hbspt-form\" id=\"hbspt-form-1776655303000-9717124945\"><\/div>\t\t<\/div>\n\t\t\t\t<\/div>\n\t\t\t\t\t<\/div>\n\t\t<\/div>\n\t\t\t\t\t\t\t<\/div>\n\t\t<\/section>\n\t\t\t\t\t<\/div>\n\t\t<\/div>\n\t\t\t\t<div class=\"elementor-column elementor-col-50 elementor-top-column elementor-element elementor-element-ba1a346\" data-id=\"ba1a346\" data-element_type=\"column\">\n\t\t\t<div class=\"elementor-widget-wrap elementor-element-populated\">\n\t\t\t\t\t\t\t\t<div class=\"elementor-element elementor-element-1b5f24f elementor-widget elementor-widget-spacer\" data-id=\"1b5f24f\" data-element_type=\"widget\" data-widget_type=\"spacer.default\">\n\t\t\t\t<div class=\"elementor-widget-container\">\n\t\t\t\t\t<div class=\"elementor-spacer\">\n\t\t\t<div class=\"elementor-spacer-inner\"><\/div>\n\t\t<\/div>\n\t\t\t\t<\/div>\n\t\t\t\t<\/div>\n\t\t\t\t<div class=\"elementor-element elementor-element-dd5e9d2 aleft elementor-widget elementor-widget-wgl-double-heading\" data-id=\"dd5e9d2\" data-element_type=\"widget\" data-widget_type=\"wgl-double-heading.default\">\n\t\t\t\t<div class=\"elementor-widget-container\">\n\t\t\t<div class=\"wgl-double-heading\"><div class=\"dblh__subtitle\"><span>NOUS CONTACTER<\/span><\/div><h1 class=\"dblh__title-wrapper\"><span class=\"dblh__title dblh__title-1\">Discutons De Vos D\u00e9fis !\n<\/span><\/h1><\/div>\t\t<\/div>\n\t\t\t\t<\/div>\n\t\t\t\t<div class=\"elementor-element elementor-element-3db7f32 elementor-widget elementor-widget-text-editor\" data-id=\"3db7f32\" data-element_type=\"widget\" data-widget_type=\"text-editor.default\">\n\t\t\t\t<div class=\"elementor-widget-container\">\n\t\t\t\t\t\t\t<p>Contactez-nous pour discuter de vos d\u00e9fis et objectifs et de la fa\u00e7on dont nous pouvons vous aider. Remplissez le formulaire ou envoyez-nous un email.<\/p>\n\t\t\t\t\t\t<\/div>\n\t\t\t\t<\/div>\n\t\t\t\t<div class=\"elementor-element elementor-element-720d5cb elementor-widget elementor-widget-text-editor\" data-id=\"720d5cb\" data-element_type=\"widget\" data-widget_type=\"text-editor.default\">\n\t\t\t\t<div class=\"elementor-widget-container\">\n\t\t\t\t\t\t\t<ul class=\"no-list-style\"><li>Ad Vinci SRL<\/li><li><span>19 Avenue des Volontaires<\/span><span>, <\/span><span>1160 Bruxelles Belgique<\/span><\/li><li><a href=\"mailto:info@advinci.be\">info@advinci.be<\/a><\/li><\/ul>\t\t\t\t\t\t<\/div>\n\t\t\t\t<\/div>\n\t\t\t\t<div class=\"elementor-element elementor-element-9d91d21 elementor-shape-rounded elementor-widget elementor-widget-wgl-social-icons\" data-id=\"9d91d21\" data-element_type=\"widget\" data-widget_type=\"wgl-social-icons.default\">\n\t\t\t\t<div class=\"elementor-widget-container\">\n\t\t\t<div class=\"wgl-social-icons elementor-social-icons-wrapper\"><a class=\"elementor-icon elementor-social-icon elementor-social-icon-linkedin elementor-repeater-item-29c0a2d\" href=\"https:\/\/www.linkedin.com\/company\/advinci-be\" target=\"_blank\" title=\"LinkeIn\" rel=\"noopener\"><span class=\"elementor-screen-only\">Linkedin<\/span><i class=\"fab fa-linkedin\"><\/i><\/a><\/div>\t\t<\/div>\n\t\t\t\t<\/div>\n\t\t\t\t<div class=\"elementor-element elementor-element-407b970 elementor-widget elementor-widget-spacer\" data-id=\"407b970\" data-element_type=\"widget\" data-widget_type=\"spacer.default\">\n\t\t\t\t<div class=\"elementor-widget-container\">\n\t\t\t\t\t<div class=\"elementor-spacer\">\n\t\t\t<div class=\"elementor-spacer-inner\"><\/div>\n\t\t<\/div>\n\t\t\t\t<\/div>\n\t\t\t\t<\/div>\n\t\t\t\t\t<\/div>\n\t\t<\/div>\n\t\t\t\t\t\t\t<\/div>\n\t\t<\/section>\n\t\t\t\t<section class=\"elementor-section elementor-top-section elementor-element elementor-element-86d60fd elementor-section-boxed elementor-section-height-default elementor-section-height-default\" data-id=\"86d60fd\" data-element_type=\"section\">\n\t\t\t\t\t\t<div class=\"elementor-container elementor-column-gap-default\">\n\t\t\t\t\t<div class=\"elementor-column elementor-col-100 elementor-top-column elementor-element elementor-element-930404a\" data-id=\"930404a\" data-element_type=\"column\">\n\t\t\t<div class=\"elementor-widget-wrap elementor-element-populated\">\n\t\t\t\t\t\t\t\t<div class=\"elementor-element elementor-element-cfd11d7 spacer elementor-widget elementor-widget-spacer\" data-id=\"cfd11d7\" data-element_type=\"widget\" data-widget_type=\"spacer.default\">\n\t\t\t\t<div class=\"elementor-widget-container\">\n\t\t\t\t\t<div class=\"elementor-spacer\">\n\t\t\t<div class=\"elementor-spacer-inner\"><\/div>\n\t\t<\/div>\n\t\t\t\t<\/div>\n\t\t\t\t<\/div>\n\t\t\t\t\t<\/div>\n\t\t<\/div>\n\t\t\t\t\t\t\t<\/div>\n\t\t<\/section>\n\t\t\t\t<section class=\"elementor-section elementor-top-section elementor-element elementor-element-12dccae elementor-section-full_width elementor-section-height-default elementor-section-height-default\" data-id=\"12dccae\" data-element_type=\"section\" id=\"catre_advinci\">\n\t\t\t\t\t\t<div class=\"elementor-container elementor-column-gap-no\">\n\t\t\t\t\t<div class=\"elementor-column elementor-col-100 elementor-top-column elementor-element elementor-element-77949e3\" data-id=\"77949e3\" data-element_type=\"column\">\n\t\t\t<div class=\"elementor-widget-wrap elementor-element-populated\">\n\t\t\t\t\t\t\t\t<div class=\"elementor-element elementor-element-6d1183d elementor-widget elementor-widget-google_maps\" data-id=\"6d1183d\" data-element_type=\"widget\" data-widget_type=\"google_maps.default\">\n\t\t\t\t<div class=\"elementor-widget-container\">\n\t\t\t\t\t<div class=\"elementor-custom-embed\">\n\t\t\t<iframe loading=\"lazy\"\n\t\t\t\t\tsrc=\"https:\/\/maps.google.com\/maps?q=Avenue%20des%20Volontaire%2019&#038;t=m&#038;z=10&#038;output=embed&#038;iwloc=near\"\n\t\t\t\t\ttitle=\"Avenue des Volontaire 19\"\n\t\t\t\t\taria-label=\"Avenue des Volontaire 19\"\n\t\t\t><\/iframe>\n\t\t<\/div>\n\t\t\t\t<\/div>\n\t\t\t\t<\/div>\n\t\t\t\t\t<\/div>\n\t\t<\/div>\n\t\t\t\t\t\t\t<\/div>\n\t\t<\/section>\n\t\t\t\t\t\t\t<\/div>\n\t\t","protected":false},"excerpt":{"rendered":"<p>Parlons de Votre Croissance NOUS CONTACTER Discutons De Vos D\u00e9fis ! Contactez-nous pour discuter de vos d\u00e9fis et objectifs et de la fa\u00e7on dont nous pouvons vous aider. Remplissez le formulaire ou envoyez-nous un email. Ad Vinci SRL 19 Avenue des Volontaires, 1160 Bruxelles Belgique info@advinci.be Linkedin<\/p>\n","protected":false},"author":1,"featured_media":0,"parent":0,"menu_order":0,"comment_status":"closed","ping_status":"closed","template":"","meta":{"content-type":"","footnotes":""},"class_list":["post-9150","page","type-page","status-publish","hentry"],"_links":{"self":[{"href":"https:\/\/advinci.be\/fr\/wp-json\/wp\/v2\/pages\/9150","targetHints":{"allow":["GET"]}}],"collection":[{"href":"https:\/\/advinci.be\/fr\/wp-json\/wp\/v2\/pages"}],"about":[{"href":"https:\/\/advinci.be\/fr\/wp-json\/wp\/v2\/types\/page"}],"author":[{"embeddable":true,"href":"https:\/\/advinci.be\/fr\/wp-json\/wp\/v2\/users\/1"}],"replies":[{"embeddable":true,"href":"https:\/\/advinci.be\/fr\/wp-json\/wp\/v2\/comments?post=9150"}],"version-history":[{"count":26,"href":"https:\/\/advinci.be\/fr\/wp-json\/wp\/v2\/pages\/9150\/revisions"}],"predecessor-version":[{"id":9686,"href":"https:\/\/advinci.be\/fr\/wp-json\/wp\/v2\/pages\/9150\/revisions\/9686"}],"wp:attachment":[{"href":"https:\/\/advinci.be\/fr\/wp-json\/wp\/v2\/media?parent=9150"}],"curies":[{"name":"wp","href":"https:\/\/api.w.org\/{rel}","templated":true}]}}