{"id":9176,"date":"2022-03-24T14:46:05","date_gmt":"2022-03-24T14:46:05","guid":{"rendered":"https:\/\/advinci.be\/a-propos\/"},"modified":"2023-11-15T22:31:20","modified_gmt":"2023-11-15T22:31:20","slug":"a-propos","status":"publish","type":"page","link":"https:\/\/advinci.be\/fr\/a-propos\/","title":{"rendered":"\u00c0 Propos"},"content":{"rendered":"\t\t<div data-elementor-type=\"wp-page\" data-elementor-id=\"9176\" class=\"elementor elementor-9176 elementor-1936\">\n\t\t\t\t\t\t\t\t\t<section class=\"elementor-section elementor-top-section elementor-element elementor-element-5ab00d5 elementor-section-boxed elementor-section-height-default elementor-section-height-default\" data-id=\"5ab00d5\" data-element_type=\"section\" id=\"about_advinci\">\n\t\t\t\t\t\t<div class=\"elementor-container elementor-column-gap-default\">\n\t\t\t\t\t<div class=\"elementor-column elementor-col-100 elementor-top-column elementor-element elementor-element-4ee7904\" data-id=\"4ee7904\" data-element_type=\"column\">\n\t\t\t<div class=\"elementor-widget-wrap elementor-element-populated\">\n\t\t\t\t\t\t\t\t<div class=\"elementor-element elementor-element-b0c4d27 elementor-widget elementor-widget-spacer\" data-id=\"b0c4d27\" data-element_type=\"widget\" data-widget_type=\"spacer.default\">\n\t\t\t\t<div class=\"elementor-widget-container\">\n\t\t\t\t\t<div class=\"elementor-spacer\">\n\t\t\t<div class=\"elementor-spacer-inner\"><\/div>\n\t\t<\/div>\n\t\t\t\t<\/div>\n\t\t\t\t<\/div>\n\t\t\t\t<div class=\"elementor-element elementor-element-40e24d9 aleft elementor-widget elementor-widget-wgl-double-heading\" data-id=\"40e24d9\" data-element_type=\"widget\" data-widget_type=\"wgl-double-heading.default\">\n\t\t\t\t<div class=\"elementor-widget-container\">\n\t\t\t<div class=\"wgl-double-heading\"><div class=\"dblh__subtitle\"><span>\u00c0 PROPOS D'ADVINCI<\/span><\/div><h1 class=\"dblh__title-wrapper\"><span class=\"dblh__title dblh__title-1\">Notre Histoire<\/span><\/h1><\/div>\t\t<\/div>\n\t\t\t\t<\/div>\n\t\t\t\t<div class=\"elementor-element elementor-element-f0bf9a4 elementor-widget elementor-widget-text-editor\" data-id=\"f0bf9a4\" data-element_type=\"widget\" data-widget_type=\"text-editor.default\">\n\t\t\t\t<div class=\"elementor-widget-container\">\n\t\t\t\t\t\t\t<p>Fond\u00e9e en 2011, AdVinci a d\u00e9but\u00e9 en tant qu&#8217;une entreprise sp\u00e9cialis\u00e9e dans le CRM et le marketing email. Notre objectif \u00e9tait d&#8217;aider les entreprises \u00e0 se d\u00e9velopper en g\u00e9n\u00e9rant des leads. D\u00e8s le d\u00e9part, nous avons compris l&#8217;importance d&#8217;adopter une approche plus cibl\u00e9e dans le cadre des entreprises B2B.<\/p>\n<p>Nous avons am\u00e9lior\u00e9 notre approche envers les prospects et clients en passant \u00e0 des campagnes plus cibl\u00e9es et automatis\u00e9es. Ce changement nous a permis de mieux comprendre les besoins de nos clients et d&#8217;obtenir des taux de succ\u00e8s plus \u00e9lev\u00e9s. De plus, l&#8217;utilisation de syst\u00e8mes avanc\u00e9s pour organiser les donn\u00e9es clients nous permet d&#8217;adapter notre engagement \u00e0 leurs int\u00e9r\u00eats individuels.<\/p>\n<p>Aujourd\u2019hui encore, AdVinci reste d\u00e9termin\u00e9 \u00e0 aider les entreprises \u00e0 se d\u00e9velopper. Notre \u00e9quipe d\u2019experts en Growth Marketing d\u00e9di\u00e9s, notre m\u00e9thodologie simple et efficace et nos technologies de pointe sont ce que nous apportons pour r\u00e9pondre aux besoins changeants de nos clients.<\/p>\n\t\t\t\t\t\t<\/div>\n\t\t\t\t<\/div>\n\t\t\t\t\t<\/div>\n\t\t<\/div>\n\t\t\t\t\t\t\t<\/div>\n\t\t<\/section>\n\t\t\t\t<section class=\"elementor-section elementor-top-section elementor-element elementor-element-74655d1 elementor-section-boxed elementor-section-height-default elementor-section-height-default\" data-id=\"74655d1\" data-element_type=\"section\">\n\t\t\t\t\t\t<div class=\"elementor-container elementor-column-gap-default\">\n\t\t\t\t\t<div class=\"elementor-column elementor-col-100 elementor-top-column elementor-element elementor-element-3c8a647\" data-id=\"3c8a647\" data-element_type=\"column\">\n\t\t\t<div class=\"elementor-widget-wrap elementor-element-populated\">\n\t\t\t\t\t\t\t\t<div class=\"elementor-element elementor-element-0876ac8 elementor-widget elementor-widget-spacer\" data-id=\"0876ac8\" data-element_type=\"widget\" data-widget_type=\"spacer.default\">\n\t\t\t\t<div class=\"elementor-widget-container\">\n\t\t\t\t\t<div class=\"elementor-spacer\">\n\t\t\t<div class=\"elementor-spacer-inner\"><\/div>\n\t\t<\/div>\n\t\t\t\t<\/div>\n\t\t\t\t<\/div>\n\t\t\t\t\t<\/div>\n\t\t<\/div>\n\t\t\t\t\t\t\t<\/div>\n\t\t<\/section>\n\t\t\t\t<section class=\"elementor-section elementor-top-section elementor-element elementor-element-44d23e5 elementor-hidden-desktop elementor-hidden-laptop elementor-hidden-tablet_extra elementor-hidden-tablet elementor-hidden-mobile elementor-section-boxed elementor-section-height-default elementor-section-height-default\" data-id=\"44d23e5\" data-element_type=\"section\" id=\"meet_the_team\">\n\t\t\t\t\t\t<div class=\"elementor-container elementor-column-gap-default\">\n\t\t\t\t\t<div class=\"elementor-column elementor-col-100 elementor-top-column elementor-element elementor-element-0ee2381\" data-id=\"0ee2381\" data-element_type=\"column\">\n\t\t\t<div class=\"elementor-widget-wrap elementor-element-populated\">\n\t\t\t\t\t\t\t\t<div class=\"elementor-element elementor-element-a2caedd elementor-widget elementor-widget-spacer\" data-id=\"a2caedd\" data-element_type=\"widget\" data-widget_type=\"spacer.default\">\n\t\t\t\t<div class=\"elementor-widget-container\">\n\t\t\t\t\t<div class=\"elementor-spacer\">\n\t\t\t<div class=\"elementor-spacer-inner\"><\/div>\n\t\t<\/div>\n\t\t\t\t<\/div>\n\t\t\t\t<\/div>\n\t\t\t\t<div class=\"elementor-element elementor-element-f77c7eb aleft elementor-widget elementor-widget-wgl-double-heading\" data-id=\"f77c7eb\" data-element_type=\"widget\" data-widget_type=\"wgl-double-heading.default\">\n\t\t\t\t<div class=\"elementor-widget-container\">\n\t\t\t<div class=\"wgl-double-heading\"><div class=\"dblh__subtitle\"><span>NOTRE \u00c9QUIPE<\/span><\/div><h3 class=\"dblh__title-wrapper\"><span class=\"dblh__title dblh__title-1\">L'\u00c9quipe Qui R\u00e9alise des Id\u00e9es Port\u00e9es par l\u2019Avenir<\/span><\/h3><\/div>\t\t<\/div>\n\t\t\t\t<\/div>\n\t\t\t\t<div class=\"elementor-element elementor-element-a500e5e acenter elementor-widget elementor-widget-wgl-team\" data-id=\"a500e5e\" data-element_type=\"widget\" data-widget_type=\"wgl-team.default\">\n\t\t\t\t<div class=\"elementor-widget-container\">\n\t\t\t<section class=\"wgl_module_team\"><div class=\"team__members grid-col--4\"><\/div><\/section>\t\t<\/div>\n\t\t\t\t<\/div>\n\t\t\t\t<div class=\"elementor-element elementor-element-a7badfe elementor-widget elementor-widget-spacer\" data-id=\"a7badfe\" data-element_type=\"widget\" data-widget_type=\"spacer.default\">\n\t\t\t\t<div class=\"elementor-widget-container\">\n\t\t\t\t\t<div class=\"elementor-spacer\">\n\t\t\t<div class=\"elementor-spacer-inner\"><\/div>\n\t\t<\/div>\n\t\t\t\t<\/div>\n\t\t\t\t<\/div>\n\t\t\t\t\t<\/div>\n\t\t<\/div>\n\t\t\t\t\t\t\t<\/div>\n\t\t<\/section>\n\t\t\t\t<section class=\"elementor-section elementor-top-section elementor-element elementor-element-5283612 elementor-section-boxed elementor-section-height-default elementor-section-height-default\" data-id=\"5283612\" data-element_type=\"section\">\n\t\t\t\t\t\t<div class=\"elementor-container elementor-column-gap-default\">\n\t\t\t\t\t<div class=\"elementor-column elementor-col-50 elementor-top-column elementor-element elementor-element-0d687c9\" data-id=\"0d687c9\" data-element_type=\"column\">\n\t\t\t<div class=\"elementor-widget-wrap elementor-element-populated\">\n\t\t\t\t\t\t\t\t<div class=\"elementor-element elementor-element-1605bd6 elementor-widget__width-initial elementor-widget-tablet__width-inherit aleft elementor-widget elementor-widget-wgl-double-heading\" data-id=\"1605bd6\" data-element_type=\"widget\" data-widget_type=\"wgl-double-heading.default\">\n\t\t\t\t<div class=\"elementor-widget-container\">\n\t\t\t<div class=\"wgl-double-heading\"><div class=\"dblh__subtitle\"><span>NOUS REJOINDRE<\/span><\/div><h2 class=\"dblh__title-wrapper\"><span class=\"dblh__title dblh__title-1\">Rejoignez Notre \u00c9quipe Growth Marketing<\/span><\/h2><\/div>\t\t<\/div>\n\t\t\t\t<\/div>\n\t\t\t\t<div class=\"elementor-element elementor-element-7f0b61c elementor-widget__width-initial elementor-widget-tablet__width-initial elementor-widget-mobile__width-initial elementor-widget elementor-widget-wgl-tabs\" data-id=\"7f0b61c\" data-element_type=\"widget\" data-widget_type=\"wgl-tabs.default\">\n\t\t\t\t<div class=\"elementor-widget-container\">\n\t\t\t        <div class=\"wgl-tabs wgl-tabs_swiper-wrapper  tabs_align-left tabs_align-tablet-center tabs_align-mobile-left icon_position-top    has-lavalamp \">\n            <div class=\"wgl-tabs_headings-wrap\">\n                <div class=\"wgl-tabs_headings swiper-wrapper\">                    <h3 data-tab-id=\"wgl-tab_1331\" class=\"wgl-tabs_header swiper-slide \">\n                    <span class=\"wgl-tabs_title\">Professionnels<\/span>\n\n                    \n                    <\/h3>\n\n                                        <h3 data-tab-id=\"wgl-tab_1332\" class=\"wgl-tabs_header swiper-slide \">\n                    <span class=\"wgl-tabs_title\">\u00c9tudiants<\/span>\n\n                    \n                    <\/h3>\n\n                                        <h3 data-tab-id=\"wgl-tab_1333\" class=\"wgl-tabs_header swiper-slide \">\n                    <span class=\"wgl-tabs_title\">Partenaires<\/span>\n\n                    \n                    <\/h3>\n\n                                    <\/div>\n            <\/div>\n\n            <div class=\"wgl-tabs_content-wrap\">                <div data-tab-id=\"wgl-tab_1331\" class=\"wgl-tabs_content \">\n                    <p>\n            <span>En tant que professionnel, rejoignez une \u00e9quipe dynamique qui prosp\u00e8re gr\u00e2ce \u00e0 l'innovation et \u00e0 la collaboration. Avec une gamme diversifi\u00e9e de projets et des strat\u00e9gies de pointe, vous pourrez mettre en valeur votre expertise et avoir un impact tangible. Chez AdVinci, votre croissance est essentielle. Nous nous engageons \u00e0 favoriser un environnement o\u00f9 vos comp\u00e9tences sont d\u00e9velopp\u00e9es, vos id\u00e9es sont valoris\u00e9es et votre carri\u00e8re atteint de nouveaux sommets. Rejoignez-nous d\u00e8s maintenant pour faire partie de cette aventure passionnante.<\/span>\n          <\/p>\n                <\/div>\n\n                            <div data-tab-id=\"wgl-tab_1332\" class=\"wgl-tabs_content \">\n                    <p>\n            <span>Vous \u00eates un \u00e9tudiant ambitieux pr\u00eat \u00e0 lancer votre carri\u00e8re? Rejoignez AdVinci pour acqu\u00e9rir une exp\u00e9rience pratique et propulser votre avenir. Chez nous, l'apprentissage et l'action ne font qu'un. Gr\u00e2ce au mentorat, \u00e0 des projets concrets et \u00e0 des opportunit\u00e9s d'innover, vous vous d\u00e9marquerez sur le march\u00e9 du travail. Que vous vous int\u00e9ressiez au marketing, \u00e0 la technologie ou au d\u00e9veloppement commercial, AdVinci vous offre la rampe de lancement pour transformer vos aspirations en r\u00e9ussites. <\/span>\n          <\/p>\n                <\/div>\n\n                            <div data-tab-id=\"wgl-tab_1333\" class=\"wgl-tabs_content \">\n                    <p>Pour r\u00e9pondre \u00e0 des besoins sp\u00e9cifiques, nous avons cr\u00e9\u00e9 la Constellation AdVinci, un r\u00e9seau de consultants et de professionnels externes. <span>Lorsqu'un projet n\u00e9cessite des comp\u00e9tences sp\u00e9cialis\u00e9es, nous faisons appel \u00e0 notre Constellation pour constituer l'\u00e9quipe parfaite.<\/span><\/p>\n                <\/div>\n\n                        <\/div>\n        <\/div><!-- .wgl-tabs -->\n\t\t\t\t<\/div>\n\t\t\t\t<\/div>\n\t\t\t\t\t<\/div>\n\t\t<\/div>\n\t\t\t\t<div class=\"elementor-column elementor-col-50 elementor-top-column elementor-element elementor-element-1f75bcc\" data-id=\"1f75bcc\" data-element_type=\"column\">\n\t\t\t<div class=\"elementor-widget-wrap elementor-element-populated\">\n\t\t\t\t\t\t\t\t<div class=\"elementor-element elementor-element-ba1c418 elementor-widget__width-initial elementor-widget elementor-widget-hubspot-form\" data-id=\"ba1c418\" data-element_type=\"widget\" data-widget_type=\"hubspot-form.default\">\n\t\t\t\t<div class=\"elementor-widget-container\">\n\t\t\t\n\t\t\t\t\t<script>\n\t\t\t\t\t\twindow.hsFormsOnReady = window.hsFormsOnReady || [];\n\t\t\t\t\t\twindow.hsFormsOnReady.push(()=>{\n\t\t\t\t\t\t\thbspt.forms.create({\n\t\t\t\t\t\t\t\tportalId: 26265962,\n\t\t\t\t\t\t\t\tformId: \"ba7913ce-a006-4dc1-97dd-51556079c550\",\n\t\t\t\t\t\t\t\ttarget: \"#hbspt-form-1776078928000-4854006078\",\n\t\t\t\t\t\t\t\tregion: \"eu1\",\n\t\t\t\t\t\t\t\t\n\t\t\t\t\t\t})});\n\t\t\t\t\t<\/script>\n\t\t\t\t\t<div class=\"hbspt-form\" id=\"hbspt-form-1776078928000-4854006078\"><\/div>\t\t<\/div>\n\t\t\t\t<\/div>\n\t\t\t\t<div class=\"elementor-element elementor-element-b0c3c93 elementor-widget elementor-widget-spacer\" data-id=\"b0c3c93\" data-element_type=\"widget\" data-widget_type=\"spacer.default\">\n\t\t\t\t<div class=\"elementor-widget-container\">\n\t\t\t\t\t<div class=\"elementor-spacer\">\n\t\t\t<div class=\"elementor-spacer-inner\"><\/div>\n\t\t<\/div>\n\t\t\t\t<\/div>\n\t\t\t\t<\/div>\n\t\t\t\t\t<\/div>\n\t\t<\/div>\n\t\t\t\t\t\t\t<\/div>\n\t\t<\/section>\n\t\t\t\t<section class=\"elementor-section elementor-top-section elementor-element elementor-element-8d0332f elementor-section-boxed elementor-section-height-default elementor-section-height-default\" data-id=\"8d0332f\" data-element_type=\"section\">\n\t\t\t\t\t\t<div class=\"elementor-container elementor-column-gap-default\">\n\t\t\t\t\t<div class=\"elementor-column elementor-col-100 elementor-top-column elementor-element elementor-element-f4ff489\" data-id=\"f4ff489\" data-element_type=\"column\">\n\t\t\t<div class=\"elementor-widget-wrap elementor-element-populated\">\n\t\t\t\t\t\t\t\t<div class=\"elementor-element elementor-element-e4e8753 elementor-widget elementor-widget-spacer\" data-id=\"e4e8753\" data-element_type=\"widget\" data-widget_type=\"spacer.default\">\n\t\t\t\t<div class=\"elementor-widget-container\">\n\t\t\t\t\t<div class=\"elementor-spacer\">\n\t\t\t<div class=\"elementor-spacer-inner\"><\/div>\n\t\t<\/div>\n\t\t\t\t<\/div>\n\t\t\t\t<\/div>\n\t\t\t\t\t<\/div>\n\t\t<\/div>\n\t\t\t\t\t\t\t<\/div>\n\t\t<\/section>\n\t\t\t\t\t\t\t<\/div>\n\t\t","protected":false},"excerpt":{"rendered":"<p>\u00c0 PROPOS D&#8217;ADVINCI Notre Histoire Fond\u00e9e en 2011, AdVinci a d\u00e9but\u00e9 en tant qu&#8217;une entreprise sp\u00e9cialis\u00e9e dans le CRM et le marketing email. Notre objectif \u00e9tait d&#8217;aider les entreprises \u00e0 se d\u00e9velopper en g\u00e9n\u00e9rant des leads. D\u00e8s le d\u00e9part, nous avons compris l&#8217;importance d&#8217;adopter une approche plus cibl\u00e9e dans le cadre des entreprises B2B. Nous [&hellip;]<\/p>\n","protected":false},"author":1,"featured_media":0,"parent":0,"menu_order":0,"comment_status":"closed","ping_status":"closed","template":"","meta":{"content-type":"","footnotes":""},"class_list":["post-9176","page","type-page","status-publish","hentry"],"_links":{"self":[{"href":"https:\/\/advinci.be\/fr\/wp-json\/wp\/v2\/pages\/9176","targetHints":{"allow":["GET"]}}],"collection":[{"href":"https:\/\/advinci.be\/fr\/wp-json\/wp\/v2\/pages"}],"about":[{"href":"https:\/\/advinci.be\/fr\/wp-json\/wp\/v2\/types\/page"}],"author":[{"embeddable":true,"href":"https:\/\/advinci.be\/fr\/wp-json\/wp\/v2\/users\/1"}],"replies":[{"embeddable":true,"href":"https:\/\/advinci.be\/fr\/wp-json\/wp\/v2\/comments?post=9176"}],"version-history":[{"count":31,"href":"https:\/\/advinci.be\/fr\/wp-json\/wp\/v2\/pages\/9176\/revisions"}],"predecessor-version":[{"id":9895,"href":"https:\/\/advinci.be\/fr\/wp-json\/wp\/v2\/pages\/9176\/revisions\/9895"}],"wp:attachment":[{"href":"https:\/\/advinci.be\/fr\/wp-json\/wp\/v2\/media?parent=9176"}],"curies":[{"name":"wp","href":"https:\/\/api.w.org\/{rel}","templated":true}]}}