{"id":9302,"date":"2023-07-25T13:26:14","date_gmt":"2023-07-25T13:26:14","guid":{"rendered":"https:\/\/advinci.be\/privacy-policy\/"},"modified":"2025-01-20T15:38:46","modified_gmt":"2025-01-20T15:38:46","slug":"politique-de-confidentialite","status":"publish","type":"page","link":"https:\/\/advinci.be\/fr\/politique-de-confidentialite\/","title":{"rendered":"Politique de Confidentialit\u00e9"},"content":{"rendered":"\t\t<div data-elementor-type=\"wp-page\" data-elementor-id=\"9302\" class=\"elementor elementor-9302 elementor-3\">\n\t\t\t\t\t\t\t\t\t<section class=\"elementor-section elementor-top-section elementor-element elementor-element-2259a2af elementor-section-boxed elementor-section-height-default elementor-section-height-default\" data-id=\"2259a2af\" data-element_type=\"section\">\n\t\t\t\t\t\t<div class=\"elementor-container elementor-column-gap-default\">\n\t\t\t\t\t<div class=\"elementor-column elementor-col-100 elementor-top-column elementor-element elementor-element-3cf19a49\" data-id=\"3cf19a49\" data-element_type=\"column\">\n\t\t\t<div class=\"elementor-widget-wrap elementor-element-populated\">\n\t\t\t\t\t\t\t\t<div class=\"elementor-element elementor-element-3a74a1d6 elementor-widget elementor-widget-text-editor\" data-id=\"3a74a1d6\" data-element_type=\"widget\" data-widget_type=\"text-editor.default\">\n\t\t\t\t<div class=\"elementor-widget-container\">\n\t\t\t\t\t\t\t<p>Ad Vinci SRL, dont le si\u00e8ge est situ\u00e9 Avenue des Volontaires 19 \u00e0 B-1160 Bruxelles, consacre ses efforts \u00e0 votre confiance.<\/p><p>Ceci s&#8217;applique \u00e9galement \u00e0 la mani\u00e8re dont nous traitons vos donn\u00e9es personnelles.<\/p><p>La pr\u00e9sente d\u00e9claration de confidentialit\u00e9 a pour but de vous informer en d\u00e9tail \u00e0 ce sujet.<\/p><h2>1. Qui sommes-nous et quelle est notre activit\u00e9 ?<\/h2><p>Tout d&#8217;abord, en tant qu&#8217;agence leader en e-mail marketing, Ad Vinci SRL collecte, avec votre consentement explicite (en tant qu&#8217;individu concern\u00e9 par cette collecte), certaines donn\u00e9es personnelles que vous poss\u00e9dez afin de vous fournir un contenu personnalis\u00e9 par courrier \u00e9lectronique. Le contenu que vous recevrez via Ad Vinci SRL est cr\u00e9\u00e9 par les clients et partenaires d&#8217;Ad Vinci, qui sont des entreprises souhaitant communiquer avec leur public \u00e0 travers le canal du marketing \u00e9lectronique. Ad Vinci diffuse ce contenu de mani\u00e8re autonome parmi ses individus inscrits, y compris vous-m\u00eame, et ne transf\u00e8re \u00e0 aucun client d&#8217;Ad Vinci les donn\u00e9es personnelles pr\u00e9c\u00e9demment fournies par les individus inscrits \u00e0 Ad Vinci.<\/p><p>Deuxi\u00e8mement, en tant qu&#8217;agence de qualit\u00e9 des donn\u00e9es, Ad Vinci SRL est \u00e9galement le partenaire contractuel de divers traiteurs de donn\u00e9es personnelles.<\/p><p>Dans les deux cas, Ad Vinci SRL est responsable de permettre aux individus concern\u00e9s d&#8217;exercer leurs droits.<\/p><h2>Comment recueillons-nous vos donn\u00e9es personnelles ?<\/h2><p>Nous recueillons vos donn\u00e9es personnelles de diverses mani\u00e8res.<\/p><h3>2.A. Nous collectons des donn\u00e9es directement aupr\u00e8s de vous.<\/h3><p>Vous fournissez vous-m\u00eame la plupart des donn\u00e9es que nous recueillons directement.<\/p><p>Par exemple, les donn\u00e9es sont enregistr\u00e9es lors de la cr\u00e9ation d&#8217;un compte, de l&#8217;inscription \u00e0 une offre, d&#8217;un contact par e-mail ou t\u00e9l\u00e9phone, etc.<\/p><h3>2.B. Nous recueillons des donn\u00e9es par le biais de votre utilisation de nos sites web.<\/h3><p>Lorsque vous visitez les sites web suivants :<\/p><ul><li><a href=\"http:\/\/www.vipriva.com\/\" target=\"_blank\" rel=\"noopener\">www.vipriva.com<\/a><\/li><li><a href=\"http:\/\/www.mailgique.be\/\" target=\"_blank\" rel=\"noopener\">www.mailgique.be<\/a><\/li><li><a href=\"http:\/\/www.mailgie.be\/\" target=\"_blank\" rel=\"noopener\">www.mailgie.be<\/a><\/li><li><a href=\"http:\/\/www.mailgium.be\/\" target=\"_blank\" rel=\"noopener\">www.mailgium.be<\/a><\/li><li><a href=\"http:\/\/www.wemove.be\/\" target=\"_blank\" rel=\"noopener\">www.wemove.be<\/a><\/li><\/ul><p>Vous pouvez naviguer sur le site web de mani\u00e8re anonyme, et vous aurez acc\u00e8s \u00e0 des informations importantes sans que votre identit\u00e9 ne soit r\u00e9v\u00e9l\u00e9e.<\/p><p>Cependant, Ad Vinci SRL utilise des cookies pour am\u00e9liorer votre exp\u00e9rience utilisateur.<\/p><p>Un cookie est une petite quantit\u00e9 de donn\u00e9es envoy\u00e9e par le serveur web \u00e0 votre navigateur et qui ne peut \u00eatre lue que par le serveur qui a rendu les donn\u00e9es disponibles pour vous. Le cookie sert de carte d&#8217;identification : vos mots de passe, vos achats et vos pr\u00e9f\u00e9rences seront enregistr\u00e9s dans le cookie. Certains cookies sont essentiels pour permettre le bon fonctionnement du site web, tandis que d&#8217;autres permettent une mesure anonyme et une analyse de l&#8217;utilisation du site.<\/p><p>Nos sites web utilisent des cookies qui sont utiles, mais non essentiels, garantissant que vous recevez les informations les plus pertinentes en fonction de votre profil. Des tiers, tels que nos partenaires, ont \u00e9galement la possibilit\u00e9 de mesurer votre comportement de navigation afin d&#8217;ajuster leur communication \u00e0 votre \u00e9gard.<\/p><p>Vous pouvez g\u00e9rer cela vous-m\u00eame ou vous aurez bient\u00f4t la possibilit\u00e9 de le faire vous-m\u00eame.<\/p><h3>2.C. Nous collectons des donn\u00e9es \u00e0 partir de sources de donn\u00e9es ouvertes et publiques.<\/h3><p>Nous collectons des donn\u00e9es \u00e0 partir de sources de donn\u00e9es ouvertes et publiques. Nous d\u00e9tectons les adresses e-mail professionnelles, elles pourraient \u00eatre utilis\u00e9es \u00e0 des fins de <strong><u>prospection<\/u><\/strong> avec un int\u00e9r\u00eat l\u00e9gitime.<\/p><p><a href=\"https:\/\/ec.europa.eu\/info\/law\/law-topic\/data-protection\/reform\/rules-business-and-organisations\/legal-grounds-processing-data\/grounds-processing\/what-does-grounds-legitimate-interest-mean_fr\" target=\"_blank\" rel=\"noopener\">https:\/\/ec.europa.eu\/info\/law\/law-topic\/data-protection\/reform\/rules-business-and-organisations\/legal-grounds-processing-data\/grounds-processing\/what-does-grounds-legitimate-interest-mean_fr<\/a><\/p><h2>3. Quelles donn\u00e9es personnelles seront trait\u00e9es ?<\/h2><p>Les donn\u00e9es suivantes seront trait\u00e9es :<\/p><ul><li>Coordonn\u00e9es personnelles : nom, adresse, num\u00e9ro de t\u00e9l\u00e9phone, adresse e-mail, pays, langue.<\/li><li>Donn\u00e9es de paiement et de facturation : ces donn\u00e9es seront enregistr\u00e9es pour nous permettre de traiter votre commande.<\/li><li>Lorsque vous partagez du contenu de notre site web sur les m\u00e9dias sociaux, tels que Facebook<\/li><li>Informations sur l&#8217;utilisation du site web\/des applications et d&#8217;autres applications (messages par e-mail). D&#8217;une part, ces informations seront utilis\u00e9es \u00e0 des fins d&#8217;analyse, et d&#8217;autre part, nous combinons ces informations avec votre historique d&#8217;achats pour vous proposer les \u00e9v\u00e9nements les plus pertinents (\u00ab profilage \u00bb).<\/li><li>Vos pr\u00e9f\u00e9rences : \u00e0 travers vos pr\u00e9f\u00e9rences, si vous avez cr\u00e9\u00e9 un compte, vous pouvez indiquer les genres d&#8217;\u00e9v\u00e9nements dont vous souhaitez \u00eatre inform\u00e9. De plus, nous combinons cela avec les produits que vous achetez ou sur lesquels vous vous renseignez, ainsi qu&#8217;avec vos pr\u00e9f\u00e9rences d\u00e9mographiques.<\/li><li>Date de naissance, dans les cas o\u00f9 nous sommes l\u00e9galement tenus d&#8217;obtenir le consentement parental pour les personnes de moins de 13 ans et dans le but de v\u00e9rifier l&#8217;\u00e2ge pour certains \u00e9v\u00e9nements.<\/li><\/ul><h2>4. L\u00e9galit\u00e9 du traitement<\/h2><p>Tout le traitement effectu\u00e9 par Ad Vinci SRL repose sur une base l\u00e9gale.<\/p><p>Dans les cas o\u00f9 cela ne repose pas sur des r\u00e9glementations, Ad Vinci SRL demande au client de fournir la permission n\u00e9cessaire.<\/p><p>Le traitement des donn\u00e9es personnelles peut \u00eatre l\u00e9gal sur divers fondements.<\/p><h3>4.A. Consentement<\/h3><p>Vous donnez un consentement explicite pour le traitement de vos donn\u00e9es personnelles \u00e0 des fins sp\u00e9cifiques, par exemple, le consentement pour l&#8217;envoi de newsletters ou pour fournir des donn\u00e9es \u00e0 certains tiers.<\/p><p>Pour les mineurs de moins de 13 ans, ce consentement doit \u00eatre fourni par une personne ayant l&#8217;autorit\u00e9 parentale.<\/p><p>Vous pouvez retirer ce consentement \u00e0 tout moment, par exemple en vous d\u00e9sabonnant.<\/p><h3>4.B. Mise en \u0153uvre de l&#8217;accord<\/h3><p>Si vous avez achet\u00e9 quelque chose sur nos sites web, un certain traitement des donn\u00e9es personnelles doit \u00eatre effectu\u00e9 pour traiter cette transaction.<\/p><h3>4.C. Obligation l\u00e9gale<\/h3><p>Certains traitements de donn\u00e9es personnelles doivent \u00eatre effectu\u00e9s pour se conformer \u00e0 des obligations l\u00e9gales, telles que des obligations comptables.<\/p><h3>4.D. Int\u00e9r\u00eat l\u00e9gitime<\/h3><p>Certains processus seront engag\u00e9s pour la protection des int\u00e9r\u00eats l\u00e9gitimes du responsable du traitement.<\/p><p>Par exemple, Ad Vinci SRL est autoris\u00e9 \u00e0 mener des actions de marketing direct \u00e0 l&#8217;\u00e9gard de ses clients existants.<\/p><p>Vous pouvez n\u00e9anmoins vous d\u00e9sabonner de ce marketing direct.<\/p><h2>5. \u00c0 quelles fins utilisons-nous vos donn\u00e9es personnelles ?<\/h2><h3>5.A. Nous pouvons utiliser vos donn\u00e9es pour traiter votre transaction, si une transaction a eu lieu.<\/h3><p>Si vous avez achet\u00e9 quelque chose via les sites web mentionn\u00e9s ci-dessus ou effectu\u00e9 toute autre transaction impliquant la communication de certaines donn\u00e9es pour ex\u00e9cuter l&#8217;accord subs\u00e9quent \u00e0 cette transaction, Ad Vinci SRL collectera certaines donn\u00e9es personnelles afin de pouvoir traiter cette transaction et garantir le bon d\u00e9roulement de celle-ci.<\/p><h3>5.B. Nous pourrions utiliser vos donn\u00e9es pour le marketing par e-mail indirecte de tiers.<\/h3><p>Vous recevrez un contenu personnalis\u00e9 via les coordonn\u00e9es que vous avez fournies \u00e0 Ad Vinci SRL.<\/p><p>Ce contenu est cr\u00e9\u00e9 par les clients et partenaires d&#8217;Ad Vinci, des entreprises int\u00e9ress\u00e9es \u00e0 communiquer avec leur public par le biais du marketing \u00e9lectronique.<\/p><p>Ad Vinci diffuse ce contenu de mani\u00e8re autonome parmi ses individus inscrits, y compris vous-m\u00eame, et ne transf\u00e8re \u00e0 aucun client d&#8217;Ad Vinci les donn\u00e9es personnelles pr\u00e9c\u00e9demment fournies par les individus inscrits \u00e0 Ad Vinci.<\/p><p>C&#8217;est pourquoi nous parlons de &#8220;marketing par e-mail indirect&#8221;.<\/p><h3>5.C. Nous pourrions utiliser vos donn\u00e9es pour le marketing direct d&#8217;Ad Vinci.<\/h3><p>Les donn\u00e9es seront \u00e9galement utilis\u00e9es pour le marketing direct de produits, de services et\/ou d&#8217;\u00e9v\u00e9nements figurant dans la gamme de produits d&#8217;Ad Vinci SRL.<\/p><h3>5.D. Nous pouvons utiliser vos donn\u00e9es pour le profilage.<\/h3><p>D&#8217;une part, Ad Vinci SRL utilise la combinaison des donn\u00e9es que vous avez fournies et de votre utilisation de ses sites pour vous offrir une exp\u00e9rience de navigation optimale.<\/p><p>D&#8217;autre part, nous utilisons ces informations pour vous tenir inform\u00e9 d&#8217;une gamme personnalis\u00e9e de produits &#8211; apr\u00e8s approbation &#8211; par e-mail.<\/p><h3>5.E. Nous pouvons utiliser vos donn\u00e9es pour la transmission \u00e0 des tiers.<\/h3><p>Nous pouvons partager vos donn\u00e9es avec nos prestataires de services externes dans la mesure o\u00f9 cela est n\u00e9cessaire pour leur permettre de fournir leurs services.<\/p><p>Dans ce cas, nous concluons un accord avec eux pour garantir la conformit\u00e9 avec le R\u00e8glement g\u00e9n\u00e9ral sur la protection des donn\u00e9es (RGPD).<\/p><h3>5.F. Nous pouvons utiliser vos donn\u00e9es pour les transmettre \u00e0 Black Tiger Belgium SA.<\/h3><p>Vos donn\u00e9es personnelles peuvent \u00eatre communiqu\u00e9es, dans le cadre de notre int\u00e9r\u00eat l\u00e9gitime, \u00e0 des responsables ind\u00e9pendants du traitement des donn\u00e9es afin de les aider \u00e0 fournir leurs services de qualit\u00e9 des donn\u00e9es \u00e0 leurs clients. Ces tiers utilisent ces donn\u00e9es exclusivement pour compl\u00e9ter leurs propres bases de donn\u00e9es, confirmer ou valider leurs donn\u00e9es ou celles fournies par leurs clients et\/ou am\u00e9liorer la qualit\u00e9 de ces derni\u00e8res via le formatage, la normalisation, la correction, le compl\u00e9ment, la mise \u00e0 jour (en particulier via la fourniture d&#8217;une nouvelle adresse, par exemple, apr\u00e8s un d\u00e9m\u00e9nagement) et\/ou la mise en correspondance desdites donn\u00e9es, dans le seul but de :<\/p><ul><li>Se conformer (ou aider leurs clients \u00e0 se conformer) \u00e0 l&#8217;article 5.1(d) du RGPD qui exige que les donn\u00e9es personnelles soient exactes et, si n\u00e9cessaire, maintenues \u00e0 jour, et\/ou ;<\/li><li>Aider leurs clients \u00e0 effectuer, en leur nom ou au nom de leurs clients, la v\u00e9rification d&#8217;identit\u00e9 des individus \u00e0 des fins de lutte contre le blanchiment d&#8217;argent, de s\u00e9curit\u00e9 nationale\/publique, de pr\u00e9vention et de d\u00e9tection de la criminalit\u00e9, de pr\u00e9vention de la fraude, de recouvrement de dettes\/biens, de r\u00e9unification d&#8217;actifs et\/ou de r\u00e9alisation de v\u00e9rifications pr\u00e9alables \u00e0 l&#8217;emploi.<\/li><\/ul><p>L&#8217;un des sp\u00e9cialistes de la qualit\u00e9 des donn\u00e9es avec lesquels nous travaillons est Black Tiger Belgium SA, \u00e9tabli \u00e0 Researchdreef 65 \u00e0 1070 Bruxelles. Vous trouverez des informations suppl\u00e9mentaires sur le traitement qu&#8217;ils effectuent avec les donn\u00e9es personnelles qu&#8217;ils collectent, ainsi que sur vos droits en mati\u00e8re de GDPR et sur la mani\u00e8re de les exercer, sur leur page GDPR d\u00e9di\u00e9e : <a href=\"https:\/\/gdpr.blacktigerbelgium.tech\/\" target=\"_blank\" rel=\"noopener\">gdpr.blacktigerbelgium.tech<\/a>.<\/p><h3>5.G. Nous utilisons vos donn\u00e9es pour d\u00e9terminer la l\u00e9galit\u00e9 des transactions.<\/h3><p>Les donn\u00e9es personnelles peuvent \u00eatre utilis\u00e9es pour la pr\u00e9vention ou la d\u00e9tection de crimes, tels que la fraude li\u00e9e aux paiements \u00e9lectroniques, les violations de la propri\u00e9t\u00e9 intellectuelle ou d&#8217;autres crimes.<\/p><h3>5.H. Nous pouvons utiliser vos donn\u00e9es pour tester des donn\u00e9es dans le cadre de nouveaux d\u00e9veloppements.<\/h3><p>Les donn\u00e9es personnelles peuvent \u00eatre utilis\u00e9es pour tester de nouveaux d\u00e9veloppements logiciels au nom d&#8217;Ad Vinci SRL.<\/p><p>Dans certains cas, les donn\u00e9es seront export\u00e9es vers un tiers, qui assumera la responsabilit\u00e9 des tests des nouvelles applications d\u00e9velopp\u00e9es et pourra uniquement utiliser vos donn\u00e9es \u00e0 cette fin.<\/p><p>Dans tous les cas, les mesures de s\u00e9curit\u00e9 n\u00e9cessaires seront prises.<\/p><h2>6. Votre droit d&#8217;acc\u00e8s et de v\u00e9rification de vos donn\u00e9es personnelles<\/h2><p>Vous avez un certain nombre de droits li\u00e9s au traitement de vos donn\u00e9es personnelles.<\/p><p>Pour exercer ces droits, vous devez envoyer un e-mail \u00e0 : <a href=\"mailto:privacy@advinci.be\">privacy@advinci.be<\/a>.<\/p><p>Votre demande sera trait\u00e9e dans un d\u00e9lai d&#8217;un mois.<\/p><p>Si votre demande ne peut pas \u00eatre honor\u00e9e, Ad Vinci SRL vous informera de la raison de cela.<\/p><h3>6.A. Droit d&#8217;inspection<\/h3><p>Vous avez le droit d&#8217;inspecter les donn\u00e9es que vous avez fournies et de g\u00e9rer vos pr\u00e9f\u00e9rences, par exemple en ce qui concerne l&#8217;envoi de courriers.<\/p><h3>6.B. Droit de correction ou de suppression<\/h3><p>Vous avez le droit de corriger des donn\u00e9es personnelles inexactes ou incompl\u00e8tes, ou de faire supprimer les donn\u00e9es.<\/p><p>Si vos donn\u00e9es ont \u00e9t\u00e9 fournies \u00e0 des tiers avec votre permission, ces tiers seront \u00e9galement invit\u00e9s \u00e0 mettre en \u0153uvre les modifications demand\u00e9es.<\/p><p>Vous en serez inform\u00e9.<\/p><h3>6.C. Droit \u00e0 l&#8217;oubli<\/h3><p>Vous avez le droit de demander \u00e0 \u00eatre &#8220;oubli\u00e9&#8221; et d&#8217;\u00eatre supprim\u00e9 de la base de donn\u00e9es.<\/p><p>Dans certains cas, cette demande peut \u00eatre refus\u00e9e, par exemple si les donn\u00e9es sont n\u00e9cessaires pour la mise en \u0153uvre de l&#8217;accord ou en raison d&#8217;autres l\u00e9gislations (par exemple, la conformit\u00e9 \u00e0 la l\u00e9gislation fiscale).<\/p><p>Si vos donn\u00e9es sont mises \u00e0 la disposition de tiers, votre demande d&#8217;\u00eatre oubli\u00e9 sera \u00e9galement transmise \u00e0 ces tiers.<\/p><p>Vous en serez inform\u00e9.<\/p><h3>6.D. Droit d&#8217;opposition<\/h3><p>Vous avez le droit \u00e0 tout moment de vous opposer au traitement de vos donn\u00e9es qui sera effectu\u00e9 sur la base des int\u00e9r\u00eats l\u00e9gitimes d&#8217;Ad Vinci SRL ou de ses responsables de traitement combin\u00e9s.<\/p><p>Vous pouvez \u00e9galement vous opposer au traitement de vos donn\u00e9es \u00e0 des fins de marketing direct, y compris le profilage.<\/p><p>Vous pouvez \u00e9galement le faire en utilisant le lien de d\u00e9sabonnement en bas du message \u00e9lectronique qui vous a \u00e9t\u00e9 envoy\u00e9.<\/p><h3>6.E. D\u00e9cision automatis\u00e9e et profilage<\/h3><p>Vous avez le droit de ne pas \u00eatre soumis \u00e0 une d\u00e9cision enti\u00e8rement automatis\u00e9e, sauf si cela est n\u00e9cessaire pour la mise en \u0153uvre de l&#8217;accord, est l\u00e9galement autoris\u00e9 ou a votre permission explicite.<\/p><p>Si une telle d\u00e9cision est prise, vous avez le droit de faire conna\u00eetre votre point de vue sur la question, de contester cette d\u00e9cision ou de demander une intervention humaine d&#8217;Ad Vinci SRL.<\/p><p>Lors de votre premier contact avec nous, vous \u00eates inform\u00e9 de l&#8217;utilisation de cookies de suivi.<\/p><p>Ces cookies nous permettent de cr\u00e9er des profils bas\u00e9s sur votre utilisation du site web et votre comportement effectif (historique d&#8217;achats).<\/p><p>Sur la base de ces profils, la communication par e-mail et sur le web sera personnalis\u00e9e.<\/p><p>Vous pouvez vous opposer \u00e0 cela en d\u00e9sactivant les cookies, soit dans les param\u00e8tres de cookies du site web, soit dans le navigateur.<\/p><p>Vous ne recevrez alors que des newsletters standard et ne verrez qu&#8217;un site web standard (sans recommandations personnalis\u00e9es).<\/p><h3>6.F. Droit \u00e0 la portabilit\u00e9 des donn\u00e9es<\/h3><p>Vous avez le droit de faire transf\u00e9rer les donn\u00e9es personnelles fournies vers un autre responsable du traitement sous une forme structur\u00e9e, courante et lisible.<\/p><h3>6.G. Droit de porter plainte aupr\u00e8s des autorit\u00e9s de contr\u00f4le<\/h3><p>Si vous avez des plaintes sp\u00e9cifiques concernant la politique de confidentialit\u00e9 d&#8217;Ad Vinci SRL, vous pouvez contacter l&#8217;autorit\u00e9 de contr\u00f4le (Autorit\u00e9 de protection des donn\u00e9es belge).<\/p><h2>7. P\u00e9riode de conservation des donn\u00e9es<\/h2><p>Ad Vinci SRL a g\u00e9n\u00e9ralement fix\u00e9 la p\u00e9riode de conservation de ses donn\u00e9es clients \u00e0 trois (3) ans.<\/p><p>Cette p\u00e9riode a \u00e9t\u00e9 fix\u00e9e sur la base de consid\u00e9rations pratiques, telles que la convivialit\u00e9 pour le client et la pertinence des donn\u00e9es qui doivent souvent \u00eatre conserv\u00e9es pendant une p\u00e9riode de 3 ans.<\/p><p>Si vous n&#8217;\u00eates plus actif pendant une p\u00e9riode de 3 ans ou si vous n&#8217;avez pas contact\u00e9 \u00e0 nouveau Ad Vinci SRL, vous recevrez un e-mail avec la question de savoir si nous pouvons d\u00e9sactiver votre compte.<\/p><p>Nous faisons quelques exceptions \u00e0 cette p\u00e9riode de conservation conform\u00e9ment aux obligations l\u00e9gales li\u00e9es \u00e0 certaines conditions sp\u00e9cifiques de conservation (par exemple, lois fiscales, lois comptables, etc.).<\/p><h2>8. S\u00e9curit\u00e9 des donn\u00e9es<\/h2><p>Ad Vinci SRL fera tout son possible pour prot\u00e9ger ses clients contre l&#8217;acc\u00e8s non autoris\u00e9, la modification non autoris\u00e9e, la divulgation ou la destruction des donn\u00e9es en sa possession.<\/p><p>Pour ce faire, les mesures de s\u00e9curit\u00e9 suivantes, entre autres, seront utilis\u00e9es :<\/p><ul><li>Les fichiers internes seront sauvegard\u00e9s \u00e0 un emplacement accessible (uniquement) aux personnes qui ont besoin de ces fichiers dans le cadre du traitement, telles que le service client d&#8217;Ad Vinci SRL pour les remboursements ou les surpaiements\/sous-paiements.<\/li><li>Des sauvegardes seront effectu\u00e9es fr\u00e9quemment et stock\u00e9es \u00e0 divers emplacements. Ces sauvegardes seront conserv\u00e9es pendant au moins 30 jours afin de pouvoir r\u00e9cup\u00e9rer les donn\u00e9es en cas de perte et de garantir la continuit\u00e9.<\/li><li>Des pare-feu prot\u00e8gent nos r\u00e9seaux internes contre les acc\u00e8s externes.<\/li><li>Tous les syst\u00e8mes internes sont ou seront dot\u00e9s de la protection Endpoint n\u00e9cessaire (antivirus, antimalware, etc.).<\/li><li>Les mots de passe de tous les utilisateurs seront stock\u00e9s sous forme chiffr\u00e9e.<\/li><li>Si des donn\u00e9es sont \u00e9chang\u00e9es \u00e0 des fins de test, certaines donn\u00e9es seront pseudonymis\u00e9es et anonymis\u00e9es (telles que les noms et adresses e-mail).<\/li><\/ul><h2>9. Transmission de donn\u00e9es vers des pays tiers<\/h2><p>Les donn\u00e9es ne seront transmises qu&#8217;au sein de l&#8217;UE par le biais des partenaires avec lesquels Ad Vinci SRL travaille.<\/p><h2>10. Sites tiers<\/h2><p>Les sites web peuvent contenir des liens vers des sites tiers.<\/p><p>Ad Vinci SRL n&#8217;a aucun contr\u00f4le sur ces sites et n&#8217;est pas responsable de leur contenu, de leur fonctionnement ou de leurs pratiques, y compris en ce qui concerne leur politique de confidentialit\u00e9.<\/p><h2>11. Modifications de la politique de confidentialit\u00e9<\/h2><p>En cas de modification de la pr\u00e9sente politique de confidentialit\u00e9, nous vous en informerons par e-mail.<\/p><p>La derni\u00e8re version est toujours disponible pour consultation sur le site web.<\/p><h2>12. Contact &amp; \u00c9quipe du d\u00e9l\u00e9gu\u00e9 \u00e0 la protection des donn\u00e9es<\/h2><p>Les informations g\u00e9n\u00e9rales pour Ad Vinci SRL sont disponibles sur le site web.<\/p><p>Si vous avez des questions ou des commentaires concernant notre politique de confidentialit\u00e9, nous vous recommandons d&#8217;envoyer un e-mail \u00e0 : <a href=\"mailto:privacy@advinci.be\">privacy@advinci.be<\/a>.<\/p><p>Cet e-mail sera re\u00e7u directement par Ad Vinci SRL, en particulier son \u00e9quipe du &#8216;Data Protection Officer&#8217;. Nous r\u00e9pondrons toujours \u00e0 votre question dans un d\u00e9lai d&#8217;un mois.<\/p>\t\t\t\t\t\t<\/div>\n\t\t\t\t<\/div>\n\t\t\t\t\t<\/div>\n\t\t<\/div>\n\t\t\t\t\t\t\t<\/div>\n\t\t<\/section>\n\t\t\t\t\t\t\t<\/div>\n\t\t","protected":false},"excerpt":{"rendered":"<p>Ad Vinci SRL, dont le si\u00e8ge est situ\u00e9 Avenue des Volontaires 19 \u00e0 B-1160 Bruxelles, consacre ses efforts \u00e0 votre confiance. Ceci s&#8217;applique \u00e9galement \u00e0 la mani\u00e8re dont nous traitons vos donn\u00e9es personnelles. La pr\u00e9sente d\u00e9claration de confidentialit\u00e9 a pour but de vous informer en d\u00e9tail \u00e0 ce sujet. 1. Qui sommes-nous et quelle est [&hellip;]<\/p>\n","protected":false},"author":1,"featured_media":0,"parent":0,"menu_order":0,"comment_status":"closed","ping_status":"closed","template":"","meta":{"content-type":"","footnotes":""},"class_list":["post-9302","page","type-page","status-publish","hentry"],"_links":{"self":[{"href":"https:\/\/advinci.be\/fr\/wp-json\/wp\/v2\/pages\/9302","targetHints":{"allow":["GET"]}}],"collection":[{"href":"https:\/\/advinci.be\/fr\/wp-json\/wp\/v2\/pages"}],"about":[{"href":"https:\/\/advinci.be\/fr\/wp-json\/wp\/v2\/types\/page"}],"author":[{"embeddable":true,"href":"https:\/\/advinci.be\/fr\/wp-json\/wp\/v2\/users\/1"}],"replies":[{"embeddable":true,"href":"https:\/\/advinci.be\/fr\/wp-json\/wp\/v2\/comments?post=9302"}],"version-history":[{"count":8,"href":"https:\/\/advinci.be\/fr\/wp-json\/wp\/v2\/pages\/9302\/revisions"}],"predecessor-version":[{"id":9937,"href":"https:\/\/advinci.be\/fr\/wp-json\/wp\/v2\/pages\/9302\/revisions\/9937"}],"wp:attachment":[{"href":"https:\/\/advinci.be\/fr\/wp-json\/wp\/v2\/media?parent=9302"}],"curies":[{"name":"wp","href":"https:\/\/api.w.org\/{rel}","templated":true}]}}